{"id":999,"date":"2021-01-15T13:19:26","date_gmt":"2021-01-15T12:19:26","guid":{"rendered":"http:\/\/www.grenlandbobilsenter.no\/?page_id=999"},"modified":"2021-01-15T13:19:26","modified_gmt":"2021-01-15T12:19:26","slug":"butikk","status":"publish","type":"page","link":"https:\/\/www.grenlandbobilsenter.no\/?page_id=999","title":{"rendered":"Butikk"},"content":{"rendered":"\n<p style=\"font-size:18px\"><strong>Vi har utstyret du trenger for en vellykket og komfortabel campingtur!<\/strong><\/p>\n\n\n\n<figure class=\"wp-block-gallery columns-3 is-cropped wp-block-gallery-1 is-layout-flex wp-block-gallery-is-layout-flex\"><ul class=\"blocks-gallery-grid\"><li class=\"blocks-gallery-item\"><figure><img loading=\"lazy\" decoding=\"async\" width=\"1024\" height=\"683\" src=\"http:\/\/www.grenlandbobilsenter.no\/wp-content\/uploads\/2020\/04\/IMG_0754-1024x683.jpg\" alt=\"\" data-id=\"860\" data-full-url=\"http:\/\/www.grenlandbobilsenter.no\/wp-content\/uploads\/2020\/04\/IMG_0754-scaled.jpg\" data-link=\"http:\/\/www.grenlandbobilsenter.no\/?attachment_id=860\" class=\"wp-image-860\" srcset=\"https:\/\/www.grenlandbobilsenter.no\/wp-content\/uploads\/2020\/04\/IMG_0754-1024x683.jpg 1024w, https:\/\/www.grenlandbobilsenter.no\/wp-content\/uploads\/2020\/04\/IMG_0754-300x200.jpg 300w, https:\/\/www.grenlandbobilsenter.no\/wp-content\/uploads\/2020\/04\/IMG_0754-768x512.jpg 768w, https:\/\/www.grenlandbobilsenter.no\/wp-content\/uploads\/2020\/04\/IMG_0754-1536x1024.jpg 1536w, https:\/\/www.grenlandbobilsenter.no\/wp-content\/uploads\/2020\/04\/IMG_0754-2048x1365.jpg 2048w\" sizes=\"auto, (max-width: 1024px) 100vw, 1024px\" \/><\/figure><\/li><li class=\"blocks-gallery-item\"><figure><img loading=\"lazy\" decoding=\"async\" width=\"1024\" height=\"683\" src=\"http:\/\/www.grenlandbobilsenter.no\/wp-content\/uploads\/2020\/04\/IMG_0757-1024x683.jpg\" alt=\"\" data-id=\"876\" data-full-url=\"http:\/\/www.grenlandbobilsenter.no\/wp-content\/uploads\/2020\/04\/IMG_0757-scaled.jpg\" data-link=\"http:\/\/www.grenlandbobilsenter.no\/?attachment_id=876\" class=\"wp-image-876\" srcset=\"https:\/\/www.grenlandbobilsenter.no\/wp-content\/uploads\/2020\/04\/IMG_0757-1024x683.jpg 1024w, https:\/\/www.grenlandbobilsenter.no\/wp-content\/uploads\/2020\/04\/IMG_0757-300x200.jpg 300w, https:\/\/www.grenlandbobilsenter.no\/wp-content\/uploads\/2020\/04\/IMG_0757-768x512.jpg 768w, https:\/\/www.grenlandbobilsenter.no\/wp-content\/uploads\/2020\/04\/IMG_0757-1536x1024.jpg 1536w, https:\/\/www.grenlandbobilsenter.no\/wp-content\/uploads\/2020\/04\/IMG_0757-2048x1365.jpg 2048w\" sizes=\"auto, (max-width: 1024px) 100vw, 1024px\" \/><\/figure><\/li><li class=\"blocks-gallery-item\"><figure><img loading=\"lazy\" decoding=\"async\" width=\"1024\" height=\"683\" src=\"http:\/\/www.grenlandbobilsenter.no\/wp-content\/uploads\/2020\/04\/IMG_0756-1024x683.jpg\" alt=\"\" data-id=\"867\" data-full-url=\"http:\/\/www.grenlandbobilsenter.no\/wp-content\/uploads\/2020\/04\/IMG_0756-scaled.jpg\" data-link=\"http:\/\/www.grenlandbobilsenter.no\/?attachment_id=867\" class=\"wp-image-867\" srcset=\"https:\/\/www.grenlandbobilsenter.no\/wp-content\/uploads\/2020\/04\/IMG_0756-1024x683.jpg 1024w, https:\/\/www.grenlandbobilsenter.no\/wp-content\/uploads\/2020\/04\/IMG_0756-300x200.jpg 300w, https:\/\/www.grenlandbobilsenter.no\/wp-content\/uploads\/2020\/04\/IMG_0756-768x512.jpg 768w, https:\/\/www.grenlandbobilsenter.no\/wp-content\/uploads\/2020\/04\/IMG_0756-1536x1024.jpg 1536w, https:\/\/www.grenlandbobilsenter.no\/wp-content\/uploads\/2020\/04\/IMG_0756-2048x1365.jpg 2048w\" sizes=\"auto, (max-width: 1024px) 100vw, 1024px\" \/><\/figure><\/li><\/ul><\/figure>\n\n\n\n<p>Vi har godt utvalg i flere typer glass som r\u00f8dvin- og hvitvinsglass, sett med serviser, kjeler og annet til kj\u00f8kkenet. Campingm\u00f8bler er selvf\u00f8lgelig p\u00e5 plass sammen med tepper, flammelamper, griller og annet du trenger utenfor bobilen eller campingvogna. Vi har et stort utvalg av kjemi til ferskvann, gr\u00e5vann og toaletter og en del rengj\u00f8ringsmidler. I tillegg har vi reservedeler som vannkraner, pakningssett osv. <\/p>\n\n\n\n<p><strong>Kom innom f\u00e5r \u00e5 se v\u00e5rt utvalg!<\/strong><\/p>\n\n\n\n<div class=\"wp-block-image\"><figure class=\"aligncenter size-large is-resized\"><a href=\"https:\/\/www.casu.no\/\" target=\"_blank\" rel=\"noopener\"><img loading=\"lazy\" decoding=\"async\" src=\"http:\/\/www.grenlandbobilsenter.no\/wp-content\/uploads\/2021\/01\/Knapp_Butikk.jpg\" alt=\"\" class=\"wp-image-1000\" width=\"220\" height=\"77\"\/><\/a><\/figure><\/div>\n\n\n\n<p><\/p>\n","protected":false},"excerpt":{"rendered":"<p>Vi har utstyret du trenger for en vellykket og komfortabel campingtur! Vi har godt utvalg i flere typer glass som r\u00f8dvin- og hvitvinsglass, sett med serviser, kjeler og annet til kj\u00f8kkenet. Campingm\u00f8bler er selvf\u00f8lgelig p\u00e5 plass sammen med tepper, flammelamper, griller og annet du trenger utenfor bobilen eller campingvogna. Vi har et stort utvalg av &hellip; <a href=\"https:\/\/www.grenlandbobilsenter.no\/?page_id=999\" class=\"more-link\">Fortsett \u00e5 lese <span class=\"screen-reader-text\">Butikk<\/span> <span class=\"meta-nav\">&rarr;<\/span><\/a><\/p>\n","protected":false},"author":1,"featured_media":0,"parent":0,"menu_order":0,"comment_status":"closed","ping_status":"closed","template":"","meta":{"footnotes":""},"class_list":["post-999","page","type-page","status-publish","hentry"],"_links":{"self":[{"href":"https:\/\/www.grenlandbobilsenter.no\/index.php?rest_route=\/wp\/v2\/pages\/999","targetHints":{"allow":["GET"]}}],"collection":[{"href":"https:\/\/www.grenlandbobilsenter.no\/index.php?rest_route=\/wp\/v2\/pages"}],"about":[{"href":"https:\/\/www.grenlandbobilsenter.no\/index.php?rest_route=\/wp\/v2\/types\/page"}],"author":[{"embeddable":true,"href":"https:\/\/www.grenlandbobilsenter.no\/index.php?rest_route=\/wp\/v2\/users\/1"}],"replies":[{"embeddable":true,"href":"https:\/\/www.grenlandbobilsenter.no\/index.php?rest_route=%2Fwp%2Fv2%2Fcomments&post=999"}],"version-history":[{"count":1,"href":"https:\/\/www.grenlandbobilsenter.no\/index.php?rest_route=\/wp\/v2\/pages\/999\/revisions"}],"predecessor-version":[{"id":1001,"href":"https:\/\/www.grenlandbobilsenter.no\/index.php?rest_route=\/wp\/v2\/pages\/999\/revisions\/1001"}],"wp:attachment":[{"href":"https:\/\/www.grenlandbobilsenter.no\/index.php?rest_route=%2Fwp%2Fv2%2Fmedia&parent=999"}],"curies":[{"name":"wp","href":"https:\/\/api.w.org\/{rel}","templated":true}]}}