{"id":27,"date":"2016-10-12T16:48:20","date_gmt":"2016-10-12T15:48:20","guid":{"rendered":"http:\/\/test.grenlandbobilsenter.no\/?page_id=27"},"modified":"2023-10-28T11:45:40","modified_gmt":"2023-10-28T10:45:40","slug":"bobilhotel","status":"publish","type":"page","link":"https:\/\/www.grenlandbobilsenter.no\/?page_id=27","title":{"rendered":"Bobilhotel"},"content":{"rendered":"\n<figure class=\"wp-block-image size-large\"><img loading=\"lazy\" decoding=\"async\" width=\"960\" height=\"558\" src=\"http:\/\/www.grenlandbobilsenter.no\/wp-content\/uploads\/2021\/08\/Bobilhotel_2.jpg\" alt=\"\" class=\"wp-image-1099\" srcset=\"https:\/\/www.grenlandbobilsenter.no\/wp-content\/uploads\/2021\/08\/Bobilhotel_2.jpg 960w, https:\/\/www.grenlandbobilsenter.no\/wp-content\/uploads\/2021\/08\/Bobilhotel_2-300x174.jpg 300w, https:\/\/www.grenlandbobilsenter.no\/wp-content\/uploads\/2021\/08\/Bobilhotel_2-768x446.jpg 768w\" sizes=\"auto, (max-width: 960px) 100vw, 960px\" \/><\/figure>\n\n\n\n<p class=\"has-text-align-center has-white-color has-vivid-cyan-blue-background-color has-text-color has-background\" style=\"font-size:35px\"><strong>Oppbevar din bobil trygt og enkelt hos Grenland Bobilsenter<\/strong><\/p>\n\n\n\n<p><strong>Vi tilbyr f\u00f8lgende i v\u00e5rt bobilhotel:<\/strong><\/p>\n\n\n\n<ul class=\"wp-block-list\"><li>Oppvarmet lokale<\/li><li>Du f\u00e5r egen adgangskode og kan kj\u00f8re inn og ut som det passer deg. Personbilen din parkerer du p\u00e5 bobilplassen n\u00e5r du er p\u00e5 tur med bobilen.<\/li><li>Vedlikeholdslading av batteriene.<\/li><li>Fylling av ferskvann f\u00f8r du kj\u00f8rer ut.<\/li><li>T\u00f8mming av gr\u00e5vann og toalettkasett f\u00f8r du kj\u00f8rer inn.<\/li><li>Vaskehall for bobilen, hallen har plattform slik at du ogs\u00e5 f\u00e5r vasket taket p\u00e5 bobilen.<\/li><li>Priser p\u00e5 hel\u00e5rsplass fra kr 25 000,-<\/li><\/ul>\n\n\n\n<p><strong>Kontaktinformasjon:<\/strong><br><a rel=\"noreferrer noopener\" href=\"mailto:post@grenlandbobilsenter.no\" target=\"_blank\">post@grenlandbobilsenter.no<\/a><br>Jan Erik mobil 928 85 047<br>Trond mobil 941 44 833<\/p>\n\n\n\n<figure class=\"wp-block-gallery columns-2 is-cropped wp-block-gallery-1 is-layout-flex wp-block-gallery-is-layout-flex\"><ul class=\"blocks-gallery-grid\"><li class=\"blocks-gallery-item\"><figure><img loading=\"lazy\" decoding=\"async\" width=\"1024\" height=\"683\" src=\"http:\/\/www.grenlandbobilsenter.no\/wp-content\/uploads\/2021\/08\/IMG_0701-1024x683.jpg\" alt=\"\" data-id=\"1101\" data-link=\"http:\/\/www.grenlandbobilsenter.no\/?attachment_id=1101\" class=\"wp-image-1101\" srcset=\"https:\/\/www.grenlandbobilsenter.no\/wp-content\/uploads\/2021\/08\/IMG_0701-1024x683.jpg 1024w, https:\/\/www.grenlandbobilsenter.no\/wp-content\/uploads\/2021\/08\/IMG_0701-300x200.jpg 300w, https:\/\/www.grenlandbobilsenter.no\/wp-content\/uploads\/2021\/08\/IMG_0701-768x512.jpg 768w, https:\/\/www.grenlandbobilsenter.no\/wp-content\/uploads\/2021\/08\/IMG_0701-1536x1024.jpg 1536w, https:\/\/www.grenlandbobilsenter.no\/wp-content\/uploads\/2021\/08\/IMG_0701-2048x1365.jpg 2048w\" sizes=\"auto, (max-width: 1024px) 100vw, 1024px\" \/><\/figure><\/li><li class=\"blocks-gallery-item\"><figure><img loading=\"lazy\" decoding=\"async\" width=\"1024\" height=\"683\" src=\"http:\/\/www.grenlandbobilsenter.no\/wp-content\/uploads\/2021\/08\/IMG_0703-1024x683.jpg\" alt=\"\" data-id=\"1102\" data-full-url=\"http:\/\/www.grenlandbobilsenter.no\/wp-content\/uploads\/2021\/08\/IMG_0703-scaled.jpg\" data-link=\"http:\/\/www.grenlandbobilsenter.no\/?attachment_id=1102\" class=\"wp-image-1102\" srcset=\"https:\/\/www.grenlandbobilsenter.no\/wp-content\/uploads\/2021\/08\/IMG_0703-1024x683.jpg 1024w, https:\/\/www.grenlandbobilsenter.no\/wp-content\/uploads\/2021\/08\/IMG_0703-300x200.jpg 300w, https:\/\/www.grenlandbobilsenter.no\/wp-content\/uploads\/2021\/08\/IMG_0703-768x512.jpg 768w, https:\/\/www.grenlandbobilsenter.no\/wp-content\/uploads\/2021\/08\/IMG_0703-1536x1024.jpg 1536w, https:\/\/www.grenlandbobilsenter.no\/wp-content\/uploads\/2021\/08\/IMG_0703-2048x1365.jpg 2048w\" sizes=\"auto, (max-width: 1024px) 100vw, 1024px\" \/><\/figure><\/li><\/ul><\/figure>\n\n\n<p class=\"wp-block-tag-cloud\"><a href=\"https:\/\/www.grenlandbobilsenter.no\/?tag=amcar\" class=\"tag-cloud-link tag-link-13 tag-link-position-1\" style=\"font-size: 8pt;\" aria-label=\"amcar (1 element)\">amcar<\/a>\n<a href=\"https:\/\/www.grenlandbobilsenter.no\/?tag=bobil\" class=\"tag-cloud-link tag-link-12 tag-link-position-2\" style=\"font-size: 22pt;\" aria-label=\"bobil (5 elementer)\">bobil<\/a>\n<a href=\"https:\/\/www.grenlandbobilsenter.no\/?tag=bobilhotel\" class=\"tag-cloud-link tag-link-7 tag-link-position-3\" style=\"font-size: 8pt;\" aria-label=\"bobilhotel (1 element)\">bobilhotel<\/a>\n<a href=\"https:\/\/www.grenlandbobilsenter.no\/?tag=bobilmesse\" class=\"tag-cloud-link tag-link-18 tag-link-position-4\" style=\"font-size: 8pt;\" aria-label=\"bobilmesse (1 element)\">bobilmesse<\/a>\n<a href=\"https:\/\/www.grenlandbobilsenter.no\/?tag=bybobil\" class=\"tag-cloud-link tag-link-21 tag-link-position-5\" style=\"font-size: 8pt;\" aria-label=\"bybobil (1 element)\">bybobil<\/a>\n<a href=\"https:\/\/www.grenlandbobilsenter.no\/?tag=bybobil-4x4\" class=\"tag-cloud-link tag-link-19 tag-link-position-6\" style=\"font-size: 8pt;\" aria-label=\"bybobil 4x4 (1 element)\">bybobil 4&#215;4<\/a>\n<a href=\"https:\/\/www.grenlandbobilsenter.no\/?tag=camping\" class=\"tag-cloud-link tag-link-14 tag-link-position-7\" style=\"font-size: 13.25pt;\" aria-label=\"camping (2 elementer)\">camping<\/a>\n<a href=\"https:\/\/www.grenlandbobilsenter.no\/?tag=challenger\" class=\"tag-cloud-link tag-link-22 tag-link-position-8\" style=\"font-size: 8pt;\" aria-label=\"Challenger (1 element)\">Challenger<\/a>\n<a href=\"https:\/\/www.grenlandbobilsenter.no\/?tag=combi-camp\" class=\"tag-cloud-link tag-link-16 tag-link-position-9\" style=\"font-size: 8pt;\" aria-label=\"combi-camp (1 element)\">combi-camp<\/a>\n<a href=\"https:\/\/www.grenlandbobilsenter.no\/?tag=frankia\" class=\"tag-cloud-link tag-link-6 tag-link-position-10\" style=\"font-size: 13.25pt;\" aria-label=\"frankia (2 elementer)\">frankia<\/a>\n<a href=\"https:\/\/www.grenlandbobilsenter.no\/?tag=grenland-bobilsenter\" class=\"tag-cloud-link tag-link-24 tag-link-position-11\" style=\"font-size: 8pt;\" aria-label=\"Grenland Bobilsenter (1 element)\">Grenland Bobilsenter<\/a>\n<a href=\"https:\/\/www.grenlandbobilsenter.no\/?tag=malibu\" class=\"tag-cloud-link tag-link-23 tag-link-position-12\" style=\"font-size: 8pt;\" aria-label=\"Malibu (1 element)\">Malibu<\/a>\n<a href=\"https:\/\/www.grenlandbobilsenter.no\/?tag=sesonglager\" class=\"tag-cloud-link tag-link-9 tag-link-position-13\" style=\"font-size: 8pt;\" aria-label=\"sesonglager (1 element)\">sesonglager<\/a>\n<a href=\"https:\/\/www.grenlandbobilsenter.no\/?tag=sesonglagring\" class=\"tag-cloud-link tag-link-11 tag-link-position-14\" style=\"font-size: 8pt;\" aria-label=\"sesonglagring (1 element)\">sesonglagring<\/a>\n<a href=\"https:\/\/www.grenlandbobilsenter.no\/?tag=teltvogn\" class=\"tag-cloud-link tag-link-15 tag-link-position-15\" style=\"font-size: 8pt;\" aria-label=\"teltvogn (1 element)\">teltvogn<\/a>\n<a href=\"https:\/\/www.grenlandbobilsenter.no\/?tag=veteranbil\" class=\"tag-cloud-link tag-link-10 tag-link-position-16\" style=\"font-size: 8pt;\" aria-label=\"veteranbil (1 element)\">veteranbil<\/a>\n<a href=\"https:\/\/www.grenlandbobilsenter.no\/?tag=vinterlagring\" class=\"tag-cloud-link tag-link-8 tag-link-position-17\" style=\"font-size: 13.25pt;\" aria-label=\"vinterlagring (2 elementer)\">vinterlagring<\/a><\/p>","protected":false},"excerpt":{"rendered":"<p>Oppbevar din bobil trygt og enkelt hos Grenland Bobilsenter Vi tilbyr f\u00f8lgende i v\u00e5rt bobilhotel: Oppvarmet lokale Du f\u00e5r egen adgangskode og kan kj\u00f8re inn og ut som det passer deg. Personbilen din parkerer du p\u00e5 bobilplassen n\u00e5r du er p\u00e5 tur med bobilen. Vedlikeholdslading av batteriene. Fylling av ferskvann f\u00f8r du kj\u00f8rer ut. T\u00f8mming &hellip; <a href=\"https:\/\/www.grenlandbobilsenter.no\/?page_id=27\" class=\"more-link\">Fortsett \u00e5 lese <span class=\"screen-reader-text\">Bobilhotel<\/span> <span class=\"meta-nav\">&rarr;<\/span><\/a><\/p>\n","protected":false},"author":1,"featured_media":0,"parent":0,"menu_order":0,"comment_status":"closed","ping_status":"closed","template":"","meta":{"footnotes":""},"class_list":["post-27","page","type-page","status-publish","hentry"],"_links":{"self":[{"href":"https:\/\/www.grenlandbobilsenter.no\/index.php?rest_route=\/wp\/v2\/pages\/27","targetHints":{"allow":["GET"]}}],"collection":[{"href":"https:\/\/www.grenlandbobilsenter.no\/index.php?rest_route=\/wp\/v2\/pages"}],"about":[{"href":"https:\/\/www.grenlandbobilsenter.no\/index.php?rest_route=\/wp\/v2\/types\/page"}],"author":[{"embeddable":true,"href":"https:\/\/www.grenlandbobilsenter.no\/index.php?rest_route=\/wp\/v2\/users\/1"}],"replies":[{"embeddable":true,"href":"https:\/\/www.grenlandbobilsenter.no\/index.php?rest_route=%2Fwp%2Fv2%2Fcomments&post=27"}],"version-history":[{"count":8,"href":"https:\/\/www.grenlandbobilsenter.no\/index.php?rest_route=\/wp\/v2\/pages\/27\/revisions"}],"predecessor-version":[{"id":1584,"href":"https:\/\/www.grenlandbobilsenter.no\/index.php?rest_route=\/wp\/v2\/pages\/27\/revisions\/1584"}],"wp:attachment":[{"href":"https:\/\/www.grenlandbobilsenter.no\/index.php?rest_route=%2Fwp%2Fv2%2Fmedia&parent=27"}],"curies":[{"name":"wp","href":"https:\/\/api.w.org\/{rel}","templated":true}]}}