{"id":1948,"date":"2026-03-19T17:16:59","date_gmt":"2026-03-19T16:16:59","guid":{"rendered":"http:\/\/www.grenlandbobilsenter.no\/?page_id=1948"},"modified":"2026-03-19T17:16:59","modified_gmt":"2026-03-19T16:16:59","slug":"kommisjonssalg","status":"publish","type":"page","link":"https:\/\/www.grenlandbobilsenter.no\/?page_id=1948","title":{"rendered":"Kommisjonssalg"},"content":{"rendered":"\n<figure class=\"wp-block-image size-large\"><img loading=\"lazy\" decoding=\"async\" width=\"1024\" height=\"536\" src=\"http:\/\/www.grenlandbobilsenter.no\/wp-content\/uploads\/2026\/03\/Komisjonssalg-kopi-1024x536.jpg\" alt=\"\" class=\"wp-image-1949\" srcset=\"https:\/\/www.grenlandbobilsenter.no\/wp-content\/uploads\/2026\/03\/Komisjonssalg-kopi-1024x536.jpg 1024w, https:\/\/www.grenlandbobilsenter.no\/wp-content\/uploads\/2026\/03\/Komisjonssalg-kopi-300x157.jpg 300w, https:\/\/www.grenlandbobilsenter.no\/wp-content\/uploads\/2026\/03\/Komisjonssalg-kopi-768x402.jpg 768w, https:\/\/www.grenlandbobilsenter.no\/wp-content\/uploads\/2026\/03\/Komisjonssalg-kopi.jpg 1200w\" sizes=\"auto, (max-width: 1024px) 100vw, 1024px\" \/><\/figure>\n\n\n\n<p>Vi har lang erfaring med \u00e5 selge bobil -nytt, brukt eller kommisjon.<br>Vi tar oss av alt ved salg av din bobil.<\/p>\n\n\n\n<p><strong>Verdivurdering<\/strong><br>Vi gj\u00f8r en verdivurdering av bobilen sammen med deg p\u00e5 bakgrunn av teknisk stand, historikk p\u00e5 fukttester og service. Denne vurderingen kan gj\u00f8res p\u00e5 telefon.<\/p>\n\n\n\n<p><strong>Innlevering og avtale<\/strong><br>N\u00e5r bilen innleveres hos oss gj\u00f8r vi en tilstandsrapport og skriver en kontrakt med deg. Vi kan ogs\u00e5 hente bilen hjemme hos deg.<\/p>\n\n\n\n<p><strong>Vi inng\u00e5r kontrakt<\/strong><br>Det er ofte mer krevende \u00e5 selge en bobil enn \u00e5 selge en personbil. Selger vi bobilen for deg trenger du ikke \u00e5 l\u00f8fte en finger. Vi tar oss av eierskifte, finansiering og kontraktskriving.<\/p>\n\n\n<div class=\"wp-block-image\">\n<figure class=\"aligncenter size-medium\"><img loading=\"lazy\" decoding=\"async\" width=\"300\" height=\"169\" src=\"http:\/\/www.grenlandbobilsenter.no\/wp-content\/uploads\/2026\/03\/kONTRAKT-kopi-300x169.jpg\" alt=\"\" class=\"wp-image-1950\" srcset=\"https:\/\/www.grenlandbobilsenter.no\/wp-content\/uploads\/2026\/03\/kONTRAKT-kopi-300x169.jpg 300w, https:\/\/www.grenlandbobilsenter.no\/wp-content\/uploads\/2026\/03\/kONTRAKT-kopi-1024x576.jpg 1024w, https:\/\/www.grenlandbobilsenter.no\/wp-content\/uploads\/2026\/03\/kONTRAKT-kopi-768x432.jpg 768w, https:\/\/www.grenlandbobilsenter.no\/wp-content\/uploads\/2026\/03\/kONTRAKT-kopi.jpg 1200w\" sizes=\"auto, (max-width: 300px) 100vw, 300px\" \/><\/figure>\n<\/div>\n\n\n<p><strong>Klargj\u00f8ring og annonsering<\/strong><br>Vi vasker bobilen utvendig f\u00f8r fotografering og tar profesjonelle bilder som f\u00e5r bilen\/vogna til \u00e5 fremst\u00e5 p\u00e5 best mulig m\u00e5te. Vi annonserer p\u00e5 finn.no, v\u00e5r egen hjemmeside og p\u00e5 sosiale medier.<br>Bobilen blir veid og vi legger ved vektsertifikat.<\/p>\n\n\n\n<p><strong>Vi tar oss av alle henvendelser<\/strong><br>Bobilen st\u00e5r utstilt hos oss og vi tar oss av alle henvendelsene fra potensielle kj\u00f8pere. <\/p>\n\n\n\n<p><strong>Grenland Bobilsenter tar over ansvaret<\/strong><br>Vi s\u00f8rger for alt i forbindelse med klargj\u00f8ring og overlevering til ny eier. Grenland Bobilsenter overtar ansvaret for eventuelle reklamasjoner fra ny eier slik at du slipper \u00e5 tenke p\u00e5 dette etter salget. S\u00e5 enkelt er det.<\/p>\n\n\n\n<p><strong>Oppgj\u00f8ret kommer rett inn p\u00e5 konto etter salg<\/strong><br>N\u00e5r en avtale med kj\u00f8peren er signert og salgssummen overf\u00f8rt til Grenland Bobilsenter, blir oppgj\u00f8r overf\u00f8rt til eier.<\/p>\n\n\n<div class=\"wp-block-image\">\n<figure class=\"aligncenter size-medium\"><img loading=\"lazy\" decoding=\"async\" width=\"300\" height=\"241\" src=\"http:\/\/www.grenlandbobilsenter.no\/wp-content\/uploads\/2026\/03\/sOLGT-kopi-300x241.jpg\" alt=\"\" class=\"wp-image-1951\" srcset=\"https:\/\/www.grenlandbobilsenter.no\/wp-content\/uploads\/2026\/03\/sOLGT-kopi-300x241.jpg 300w, https:\/\/www.grenlandbobilsenter.no\/wp-content\/uploads\/2026\/03\/sOLGT-kopi.jpg 496w\" sizes=\"auto, (max-width: 300px) 100vw, 300px\" \/><\/figure>\n<\/div>\n\n\n<p><\/p>\n","protected":false},"excerpt":{"rendered":"<p>Vi har lang erfaring med \u00e5 selge bobil -nytt, brukt eller kommisjon.Vi tar oss av alt ved salg av din bobil. VerdivurderingVi gj\u00f8r en verdivurdering av bobilen sammen med deg p\u00e5 bakgrunn av teknisk stand, historikk p\u00e5 fukttester og service. Denne vurderingen kan gj\u00f8res p\u00e5 telefon. Innlevering og avtaleN\u00e5r bilen innleveres hos oss gj\u00f8r vi &hellip; <a href=\"https:\/\/www.grenlandbobilsenter.no\/?page_id=1948\" class=\"more-link\">Fortsett \u00e5 lese <span class=\"screen-reader-text\">Kommisjonssalg<\/span> <span class=\"meta-nav\">&rarr;<\/span><\/a><\/p>\n","protected":false},"author":1,"featured_media":0,"parent":0,"menu_order":0,"comment_status":"closed","ping_status":"closed","template":"","meta":{"footnotes":""},"class_list":["post-1948","page","type-page","status-publish","hentry"],"_links":{"self":[{"href":"https:\/\/www.grenlandbobilsenter.no\/index.php?rest_route=\/wp\/v2\/pages\/1948","targetHints":{"allow":["GET"]}}],"collection":[{"href":"https:\/\/www.grenlandbobilsenter.no\/index.php?rest_route=\/wp\/v2\/pages"}],"about":[{"href":"https:\/\/www.grenlandbobilsenter.no\/index.php?rest_route=\/wp\/v2\/types\/page"}],"author":[{"embeddable":true,"href":"https:\/\/www.grenlandbobilsenter.no\/index.php?rest_route=\/wp\/v2\/users\/1"}],"replies":[{"embeddable":true,"href":"https:\/\/www.grenlandbobilsenter.no\/index.php?rest_route=%2Fwp%2Fv2%2Fcomments&post=1948"}],"version-history":[{"count":3,"href":"https:\/\/www.grenlandbobilsenter.no\/index.php?rest_route=\/wp\/v2\/pages\/1948\/revisions"}],"predecessor-version":[{"id":1954,"href":"https:\/\/www.grenlandbobilsenter.no\/index.php?rest_route=\/wp\/v2\/pages\/1948\/revisions\/1954"}],"wp:attachment":[{"href":"https:\/\/www.grenlandbobilsenter.no\/index.php?rest_route=%2Fwp%2Fv2%2Fmedia&parent=1948"}],"curies":[{"name":"wp","href":"https:\/\/api.w.org\/{rel}","templated":true}]}}