{"id":613,"date":"2019-02-13T19:07:18","date_gmt":"2019-02-13T18:07:18","guid":{"rendered":"http:\/\/www.grenlandbobilsenter.no\/?page_id=613"},"modified":"2024-04-17T11:15:59","modified_gmt":"2024-04-17T10:15:59","slug":"bobilutleie","status":"publish","type":"page","link":"http:\/\/www.grenlandbobilsenter.no\/?page_id=613","title":{"rendered":"Bobilutleie 2024"},"content":{"rendered":"\n<p class=\"has-medium-font-size\">Bobilferie har blitt veldig popul\u00e6rt og vi har de siste \u00e5rene opplevde en veldig p\u00e5gang p\u00e5 leie av bobil. Vi anbefaler derfor \u00e5 ikke vente for lenge med \u00e5 reservere v\u00e5r utleiebil for sesongen 2024! Utleiebilen er p\u00e5 3,5 tonn og kan kj\u00f8res p\u00e5 vanlig bilsertifikat klasse B.<br>Det er krav om at den som skal kj\u00f8re bobilen er fylt 24 \u00e5r.<\/p>\n\n\n<p><strong>Malibu I 460 LE<\/strong><br \/>-2 enkle senger p\u00e5 langs, senkeseng over sitte gruppe. Sengeplass til 4 personer.<br \/>&#8211; 130 hk motor og manuelt gir.<br \/>&#8211; Stor garasje med plass til campingm\u00f8bler og sykler.<\/p>\n<p><strong>Kontaktinformasjon:<\/strong> <br \/>Jan Erik mobil 928 85 047<br \/>Epost til <a href=\"mailto:post@grenlandbobilsenter.no\" target=\"_blank\" rel=\"noopener noreferrer\">post@grenlandbobilsenter.no<\/a><\/p>\n<p>Pris for leie er16 000,- kr\/uke .\u00a0<\/p>\n<p>\u00a0<\/p>\n\n\n<figure class=\"wp-block-gallery columns-1 is-cropped wp-block-gallery-1 is-layout-flex wp-block-gallery-is-layout-flex\"><ul class=\"blocks-gallery-grid\"><li class=\"blocks-gallery-item\"><figure><img loading=\"lazy\" decoding=\"async\" width=\"1024\" height=\"897\" src=\"http:\/\/www.grenlandbobilsenter.no\/wp-content\/uploads\/2022\/02\/Bobilutleie-I-460-LE-1024x897.jpg\" alt=\"\" data-id=\"1199\" data-full-url=\"http:\/\/www.grenlandbobilsenter.no\/wp-content\/uploads\/2022\/02\/Bobilutleie-I-460-LE.jpg\" data-link=\"http:\/\/www.grenlandbobilsenter.no\/?attachment_id=1199\" class=\"wp-image-1199\" srcset=\"http:\/\/www.grenlandbobilsenter.no\/wp-content\/uploads\/2022\/02\/Bobilutleie-I-460-LE-1024x897.jpg 1024w, http:\/\/www.grenlandbobilsenter.no\/wp-content\/uploads\/2022\/02\/Bobilutleie-I-460-LE-300x263.jpg 300w, http:\/\/www.grenlandbobilsenter.no\/wp-content\/uploads\/2022\/02\/Bobilutleie-I-460-LE-768x673.jpg 768w, http:\/\/www.grenlandbobilsenter.no\/wp-content\/uploads\/2022\/02\/Bobilutleie-I-460-LE-1536x1346.jpg 1536w, http:\/\/www.grenlandbobilsenter.no\/wp-content\/uploads\/2022\/02\/Bobilutleie-I-460-LE-2048x1795.jpg 2048w\" sizes=\"auto, (max-width: 1024px) 100vw, 1024px\" \/><\/figure><\/li><\/ul><\/figure>\n\n\n\n<p><\/p>\n\n\n\n<p><\/p>\n\n\n\n<p class=\"has-text-align-center has-medium-font-size\"><\/p>\n","protected":false},"excerpt":{"rendered":"<p>Bobilferie har blitt veldig popul\u00e6rt og vi har de siste \u00e5rene opplevde en veldig p\u00e5gang p\u00e5 leie av bobil. Vi anbefaler derfor \u00e5 ikke vente for lenge med \u00e5 reservere v\u00e5r utleiebil for sesongen 2024! Utleiebilen er p\u00e5 3,5 tonn og kan kj\u00f8res p\u00e5 vanlig bilsertifikat klasse B.Det er krav om at den som skal &hellip; <a href=\"http:\/\/www.grenlandbobilsenter.no\/?page_id=613\" class=\"more-link\">Fortsett \u00e5 lese <span class=\"screen-reader-text\">Bobilutleie 2024<\/span> <span class=\"meta-nav\">&rarr;<\/span><\/a><\/p>\n","protected":false},"author":1,"featured_media":0,"parent":0,"menu_order":0,"comment_status":"closed","ping_status":"closed","template":"","meta":{"footnotes":""},"class_list":["post-613","page","type-page","status-publish","hentry"],"_links":{"self":[{"href":"http:\/\/www.grenlandbobilsenter.no\/index.php?rest_route=\/wp\/v2\/pages\/613","targetHints":{"allow":["GET"]}}],"collection":[{"href":"http:\/\/www.grenlandbobilsenter.no\/index.php?rest_route=\/wp\/v2\/pages"}],"about":[{"href":"http:\/\/www.grenlandbobilsenter.no\/index.php?rest_route=\/wp\/v2\/types\/page"}],"author":[{"embeddable":true,"href":"http:\/\/www.grenlandbobilsenter.no\/index.php?rest_route=\/wp\/v2\/users\/1"}],"replies":[{"embeddable":true,"href":"http:\/\/www.grenlandbobilsenter.no\/index.php?rest_route=%2Fwp%2Fv2%2Fcomments&post=613"}],"version-history":[{"count":21,"href":"http:\/\/www.grenlandbobilsenter.no\/index.php?rest_route=\/wp\/v2\/pages\/613\/revisions"}],"predecessor-version":[{"id":1652,"href":"http:\/\/www.grenlandbobilsenter.no\/index.php?rest_route=\/wp\/v2\/pages\/613\/revisions\/1652"}],"wp:attachment":[{"href":"http:\/\/www.grenlandbobilsenter.no\/index.php?rest_route=%2Fwp%2Fv2%2Fmedia&parent=613"}],"curies":[{"name":"wp","href":"https:\/\/api.w.org\/{rel}","templated":true}]}}