{"id":39,"date":"2016-10-16T12:49:37","date_gmt":"2016-10-16T11:49:37","guid":{"rendered":"http:\/\/test.grenlandbobilsenter.no\/?page_id=39"},"modified":"2023-09-06T17:56:13","modified_gmt":"2023-09-06T16:56:13","slug":"frankia","status":"publish","type":"page","link":"http:\/\/www.grenlandbobilsenter.no\/?page_id=39","title":{"rendered":"FRANKIA 2024"},"content":{"rendered":"\n<div class=\"wp-block-image\"><figure class=\"aligncenter size-full\"><img loading=\"lazy\" decoding=\"async\" width=\"197\" height=\"65\" src=\"http:\/\/www.grenlandbobilsenter.no\/wp-content\/uploads\/2022\/08\/Frankia-logo-2022.jpg\" alt=\"\" class=\"wp-image-1257\"\/><\/figure><\/div>\n\n\n\n<p>Produsenten av premium bobiler har satt standarden i bransjen siden 1960. Livsstil, innovasjon og utmerket kvalitet laget i Tyskland er en integrert del av hverdagen. Hver FRANKIA bobil er noe spesielt og laget p\u00e5 bestilling. Over 650 helintegrerte, delintegrerte og alkove modeller forlater anlegget hvert \u00e5r. Kjernekompetanse hos produsenten inkluderer utmerket nyttelast, flotte standard utstyrspakker, kontinuerlig videreutvikling og eksepsjonell variasjon. FRANKIA tilbyr ogs\u00e5 tilpassede l\u00f8sninger for \u00e5 m\u00f8te de mest unike behovene. Fra sm\u00e5 og kompakte bobiler til luksuri\u00f8se premium fritidskj\u00f8ret\u00f8y \u2013 du finner den rette modellen for deg her.<\/p>\n\n\n\n<p>\u00c5 tilby variasjon p\u00e5 en Mercedes-Benz- eller Fiat Ducato-plattform i verdensklasse har v\u00e6rt v\u00e5r &nbsp;strategi i flere ti\u00e5r. <br><br>Mercedes-Benz plattform: FRANKIA M-Line, FRANKIA PLATIN luksus liner, 3.5 t FRANKIA NEO og Yucon av FRANKIA bybobil. <br><br>Fiat Ducato-plattform: FRANKIA F-Line, FRANKIA TITAN luksusliner og den spesielle utgaven FRANKIA 790 GD Titan Next.<\/p>\n\n\n\n<p>Trykk p\u00e5 bildene under for \u00e5 se brosjyrer av 2024 modellene fra Frankia<\/p>\n\n\n\n<figure class=\"wp-block-image size-full is-resized\"><a href=\"http:\/\/www.grenlandbobilsenter.no\/wp-content\/uploads\/2023\/09\/platin_2024_norwegisch.pdf\" target=\"_blank\" rel=\"noopener\"><img loading=\"lazy\" decoding=\"async\" src=\"http:\/\/www.grenlandbobilsenter.no\/wp-content\/uploads\/2023\/09\/Platin_2024-1.jpg\" alt=\"\" class=\"wp-image-1514\" width=\"513\" height=\"408\" srcset=\"http:\/\/www.grenlandbobilsenter.no\/wp-content\/uploads\/2023\/09\/Platin_2024-1.jpg 513w, http:\/\/www.grenlandbobilsenter.no\/wp-content\/uploads\/2023\/09\/Platin_2024-1-300x239.jpg 300w\" sizes=\"auto, (max-width: 513px) 100vw, 513px\" \/><\/a><\/figure>\n\n\n\n<figure class=\"wp-block-image size-full\"><a href=\"http:\/\/www.grenlandbobilsenter.no\/wp-content\/uploads\/2023\/09\/m_line_2024_norwegisch.pdf\"><img loading=\"lazy\" decoding=\"async\" width=\"515\" height=\"409\" src=\"http:\/\/www.grenlandbobilsenter.no\/wp-content\/uploads\/2023\/09\/MLine_2024.jpg\" alt=\"\" class=\"wp-image-1503\" srcset=\"http:\/\/www.grenlandbobilsenter.no\/wp-content\/uploads\/2023\/09\/MLine_2024.jpg 515w, http:\/\/www.grenlandbobilsenter.no\/wp-content\/uploads\/2023\/09\/MLine_2024-300x238.jpg 300w\" sizes=\"auto, (max-width: 515px) 100vw, 515px\" \/><\/a><\/figure>\n\n\n\n<figure class=\"wp-block-image size-full\"><a href=\"http:\/\/www.grenlandbobilsenter.no\/wp-content\/uploads\/2023\/09\/titan_2024_norwegisch.pdf\"><img loading=\"lazy\" decoding=\"async\" width=\"515\" height=\"405\" src=\"http:\/\/www.grenlandbobilsenter.no\/wp-content\/uploads\/2023\/09\/Titan_2024.jpg\" alt=\"\" class=\"wp-image-1504\" srcset=\"http:\/\/www.grenlandbobilsenter.no\/wp-content\/uploads\/2023\/09\/Titan_2024.jpg 515w, http:\/\/www.grenlandbobilsenter.no\/wp-content\/uploads\/2023\/09\/Titan_2024-300x236.jpg 300w\" sizes=\"auto, (max-width: 515px) 100vw, 515px\" \/><\/a><\/figure>\n\n\n\n<figure class=\"wp-block-image size-full\"><a href=\"http:\/\/www.grenlandbobilsenter.no\/wp-content\/uploads\/2023\/09\/f_line_2024_norwegisch.pdf\"><img loading=\"lazy\" decoding=\"async\" width=\"516\" height=\"408\" src=\"http:\/\/www.grenlandbobilsenter.no\/wp-content\/uploads\/2023\/09\/FLine_2024.jpg\" alt=\"\" class=\"wp-image-1505\" srcset=\"http:\/\/www.grenlandbobilsenter.no\/wp-content\/uploads\/2023\/09\/FLine_2024.jpg 516w, http:\/\/www.grenlandbobilsenter.no\/wp-content\/uploads\/2023\/09\/FLine_2024-300x237.jpg 300w\" sizes=\"auto, (max-width: 516px) 100vw, 516px\" \/><\/a><\/figure>\n\n\n\n<figure class=\"wp-block-image size-full\"><a href=\"http:\/\/www.grenlandbobilsenter.no\/wp-content\/uploads\/2023\/09\/neo_2024_norwegisch.pdf\"><img loading=\"lazy\" decoding=\"async\" width=\"516\" height=\"407\" src=\"http:\/\/www.grenlandbobilsenter.no\/wp-content\/uploads\/2023\/09\/Neo_2024.jpg\" alt=\"\" class=\"wp-image-1506\" srcset=\"http:\/\/www.grenlandbobilsenter.no\/wp-content\/uploads\/2023\/09\/Neo_2024.jpg 516w, http:\/\/www.grenlandbobilsenter.no\/wp-content\/uploads\/2023\/09\/Neo_2024-300x237.jpg 300w\" sizes=\"auto, (max-width: 516px) 100vw, 516px\" \/><\/a><\/figure>\n","protected":false},"excerpt":{"rendered":"<p>Produsenten av premium bobiler har satt standarden i bransjen siden 1960. Livsstil, innovasjon og utmerket kvalitet laget i Tyskland er en integrert del av hverdagen. Hver FRANKIA bobil er noe spesielt og laget p\u00e5 bestilling. Over 650 helintegrerte, delintegrerte og alkove modeller forlater anlegget hvert \u00e5r. Kjernekompetanse hos produsenten inkluderer utmerket nyttelast, flotte standard utstyrspakker, &hellip; <a href=\"http:\/\/www.grenlandbobilsenter.no\/?page_id=39\" class=\"more-link\">Fortsett \u00e5 lese <span class=\"screen-reader-text\">FRANKIA 2024<\/span> <span class=\"meta-nav\">&rarr;<\/span><\/a><\/p>\n","protected":false},"author":1,"featured_media":0,"parent":0,"menu_order":0,"comment_status":"closed","ping_status":"closed","template":"","meta":{"footnotes":""},"class_list":["post-39","page","type-page","status-publish","hentry"],"_links":{"self":[{"href":"http:\/\/www.grenlandbobilsenter.no\/index.php?rest_route=\/wp\/v2\/pages\/39","targetHints":{"allow":["GET"]}}],"collection":[{"href":"http:\/\/www.grenlandbobilsenter.no\/index.php?rest_route=\/wp\/v2\/pages"}],"about":[{"href":"http:\/\/www.grenlandbobilsenter.no\/index.php?rest_route=\/wp\/v2\/types\/page"}],"author":[{"embeddable":true,"href":"http:\/\/www.grenlandbobilsenter.no\/index.php?rest_route=\/wp\/v2\/users\/1"}],"replies":[{"embeddable":true,"href":"http:\/\/www.grenlandbobilsenter.no\/index.php?rest_route=%2Fwp%2Fv2%2Fcomments&post=39"}],"version-history":[{"count":45,"href":"http:\/\/www.grenlandbobilsenter.no\/index.php?rest_route=\/wp\/v2\/pages\/39\/revisions"}],"predecessor-version":[{"id":1524,"href":"http:\/\/www.grenlandbobilsenter.no\/index.php?rest_route=\/wp\/v2\/pages\/39\/revisions\/1524"}],"wp:attachment":[{"href":"http:\/\/www.grenlandbobilsenter.no\/index.php?rest_route=%2Fwp%2Fv2%2Fmedia&parent=39"}],"curies":[{"name":"wp","href":"https:\/\/api.w.org\/{rel}","templated":true}]}}