{"id":265,"date":"2017-09-12T21:07:41","date_gmt":"2017-09-12T20:07:41","guid":{"rendered":"http:\/\/www.grenlandbobilsenter.no\/?page_id=265"},"modified":"2023-09-06T20:36:53","modified_gmt":"2023-09-06T19:36:53","slug":"malibu","status":"publish","type":"page","link":"http:\/\/www.grenlandbobilsenter.no\/?page_id=265","title":{"rendered":"Malibu 2024"},"content":{"rendered":"\n<div class=\"wp-block-image\"><figure class=\"aligncenter size-full is-resized\"><img loading=\"lazy\" decoding=\"async\" src=\"http:\/\/www.grenlandbobilsenter.no\/wp-content\/uploads\/2022\/08\/MalibuLogo.jpg\" alt=\"\" class=\"wp-image-1268\" width=\"440\" height=\"148\"\/><\/figure><\/div>\n\n\n\n<figure class=\"wp-block-image size-large\"><img loading=\"lazy\" decoding=\"async\" width=\"1024\" height=\"690\" src=\"http:\/\/www.grenlandbobilsenter.no\/wp-content\/uploads\/2023\/09\/Malibu_bobiler-1024x690.jpg\" alt=\"\" class=\"wp-image-1535\" srcset=\"http:\/\/www.grenlandbobilsenter.no\/wp-content\/uploads\/2023\/09\/Malibu_bobiler-1024x690.jpg 1024w, http:\/\/www.grenlandbobilsenter.no\/wp-content\/uploads\/2023\/09\/Malibu_bobiler-300x202.jpg 300w, http:\/\/www.grenlandbobilsenter.no\/wp-content\/uploads\/2023\/09\/Malibu_bobiler-768x517.jpg 768w, http:\/\/www.grenlandbobilsenter.no\/wp-content\/uploads\/2023\/09\/Malibu_bobiler.jpg 1436w\" sizes=\"auto, (max-width: 1024px) 100vw, 1024px\" \/><\/figure>\n\n\n\n<p class=\"has-vivid-cyan-blue-color has-text-color\" style=\"font-size:35px\">Kvalitet i fokus<\/p>\n\n\n\n<p>Allerede da Carthago-gr\u00fcnderen Karl-Heinz Schuler introduserte de f\u00f8rste&nbsp;Malibu-modellene p\u00e5 markedet i 1979, var kvaliteten p\u00e5 h\u00f8yeste niv\u00e5. Frem til i&nbsp;dag kan denne opprinnelsen fortsatt merkes i v\u00e5re integrerte og delintegrerte&nbsp;bobiler, akkurat som v\u00e5r 40-\u00e5rige erfaring fra premiumsegmentet setter spor&nbsp;etter seg. Du s\u00f8ker noe utenom det vanlige? Da er en Malibu bobil i s\u00e6rklasse&nbsp;akkurat det riktige! Det som formidles allerede av det f\u00f8rste inntrykket, blir&nbsp;stadig tydeligere jo mer du studerer det: s\u00e5 mange gjennomtenkte detaljer, s\u00e5&nbsp;mye mer av alt det som utgj\u00f8r en komfortabel reiseform. For eksempel dobbeltgulvet med sitt store oppbevaringsrom som er unik i denne klassen, den luksuri\u00f8se karosserikonstruksjonen med elegant avrunding av tak og sider eller m\u00f8blene av s\u00e6rlig h\u00f8y kvalitet med dobbel forbindelsesteknikk. Vi investerer mer&nbsp;kunnskap, tid og kostnader enn andre for \u00e5 by deg mer verdi. Mer funksjonalitet,&nbsp;mer komfort, mer oppbevaringsplass, mer velv\u00e6re. GENERASJON M Malibu&nbsp;bobiler setter ikke bare en helt ny standard for toppklassen \u2013 de skal alltid v\u00e6re&nbsp;de beste bobilene i sin klasse for \u00e5 kunne gi deg de beste ferieopplevelsene i ditt&nbsp;liv.<\/p>\n\n\n\n<div class=\"wp-block-columns is-layout-flex wp-container-core-columns-is-layout-9d6595d7 wp-block-columns-is-layout-flex\">\n<div class=\"wp-block-column is-layout-flow wp-block-column-is-layout-flow\">\n<figure class=\"wp-block-image size-full\"><a href=\"https:\/\/www.malibu-carthago.com\/fileadmin\/user_upload\/malibu\/MJ_2024\/KatalogeMJ24\/Reisemobile\/Katalog_2024_RM_NO_Einzelseiten_fuer_WEB.pdf\" target=\"_blank\" rel=\"noopener\"><img loading=\"lazy\" decoding=\"async\" width=\"998\" height=\"804\" src=\"http:\/\/www.grenlandbobilsenter.no\/wp-content\/uploads\/2023\/09\/Malibu_helintegrert-1.jpg\" alt=\"\" class=\"wp-image-1538\" srcset=\"http:\/\/www.grenlandbobilsenter.no\/wp-content\/uploads\/2023\/09\/Malibu_helintegrert-1.jpg 998w, http:\/\/www.grenlandbobilsenter.no\/wp-content\/uploads\/2023\/09\/Malibu_helintegrert-1-300x242.jpg 300w, http:\/\/www.grenlandbobilsenter.no\/wp-content\/uploads\/2023\/09\/Malibu_helintegrert-1-768x619.jpg 768w\" sizes=\"auto, (max-width: 998px) 100vw, 998px\" \/><\/a><figcaption>Trykke p\u00e5 bilde for brosjyre<\/figcaption><\/figure>\n<\/div>\n\n\n\n<div class=\"wp-block-column is-layout-flow wp-block-column-is-layout-flow\">\n<figure class=\"wp-block-image size-full\"><a href=\"https:\/\/www.malibu-carthago.com\/fileadmin\/user_upload\/malibu\/MJ_2024\/Preislisten_MJ_24\/Reisemobile\/NO_PL_Malibu_Reisemobile_2024_1.pdf\" target=\"_blank\" rel=\"noopener\"><img loading=\"lazy\" decoding=\"async\" width=\"998\" height=\"829\" src=\"http:\/\/www.grenlandbobilsenter.no\/wp-content\/uploads\/2023\/09\/Malibu_delintegrert.jpg\" alt=\"\" class=\"wp-image-1540\" srcset=\"http:\/\/www.grenlandbobilsenter.no\/wp-content\/uploads\/2023\/09\/Malibu_delintegrert.jpg 998w, http:\/\/www.grenlandbobilsenter.no\/wp-content\/uploads\/2023\/09\/Malibu_delintegrert-300x249.jpg 300w, http:\/\/www.grenlandbobilsenter.no\/wp-content\/uploads\/2023\/09\/Malibu_delintegrert-768x638.jpg 768w\" sizes=\"auto, (max-width: 998px) 100vw, 998px\" \/><\/a><figcaption>Klikk p\u00e5 bilde for prisliste<\/figcaption><\/figure>\n<\/div>\n<\/div>\n\n\n\n<p><\/p>\n","protected":false},"excerpt":{"rendered":"<p>Kvalitet i fokus Allerede da Carthago-gr\u00fcnderen Karl-Heinz Schuler introduserte de f\u00f8rste&nbsp;Malibu-modellene p\u00e5 markedet i 1979, var kvaliteten p\u00e5 h\u00f8yeste niv\u00e5. Frem til i&nbsp;dag kan denne opprinnelsen fortsatt merkes i v\u00e5re integrerte og delintegrerte&nbsp;bobiler, akkurat som v\u00e5r 40-\u00e5rige erfaring fra premiumsegmentet setter spor&nbsp;etter seg. Du s\u00f8ker noe utenom det vanlige? Da er en Malibu bobil i &hellip; <a href=\"http:\/\/www.grenlandbobilsenter.no\/?page_id=265\" class=\"more-link\">Fortsett \u00e5 lese <span class=\"screen-reader-text\">Malibu 2024<\/span> <span class=\"meta-nav\">&rarr;<\/span><\/a><\/p>\n","protected":false},"author":1,"featured_media":0,"parent":0,"menu_order":0,"comment_status":"closed","ping_status":"closed","template":"","meta":{"footnotes":""},"class_list":["post-265","page","type-page","status-publish","hentry"],"_links":{"self":[{"href":"http:\/\/www.grenlandbobilsenter.no\/index.php?rest_route=\/wp\/v2\/pages\/265","targetHints":{"allow":["GET"]}}],"collection":[{"href":"http:\/\/www.grenlandbobilsenter.no\/index.php?rest_route=\/wp\/v2\/pages"}],"about":[{"href":"http:\/\/www.grenlandbobilsenter.no\/index.php?rest_route=\/wp\/v2\/types\/page"}],"author":[{"embeddable":true,"href":"http:\/\/www.grenlandbobilsenter.no\/index.php?rest_route=\/wp\/v2\/users\/1"}],"replies":[{"embeddable":true,"href":"http:\/\/www.grenlandbobilsenter.no\/index.php?rest_route=%2Fwp%2Fv2%2Fcomments&post=265"}],"version-history":[{"count":13,"href":"http:\/\/www.grenlandbobilsenter.no\/index.php?rest_route=\/wp\/v2\/pages\/265\/revisions"}],"predecessor-version":[{"id":1541,"href":"http:\/\/www.grenlandbobilsenter.no\/index.php?rest_route=\/wp\/v2\/pages\/265\/revisions\/1541"}],"wp:attachment":[{"href":"http:\/\/www.grenlandbobilsenter.no\/index.php?rest_route=%2Fwp%2Fv2%2Fmedia&parent=265"}],"curies":[{"name":"wp","href":"https:\/\/api.w.org\/{rel}","templated":true}]}}