{"id":1548,"date":"2023-09-07T19:20:18","date_gmt":"2023-09-07T18:20:18","guid":{"rendered":"http:\/\/www.grenlandbobilsenter.no\/?page_id=1548"},"modified":"2023-09-07T19:20:18","modified_gmt":"2023-09-07T18:20:18","slug":"challenger-2024","status":"publish","type":"page","link":"http:\/\/www.grenlandbobilsenter.no\/?page_id=1548","title":{"rendered":"Challenger 2024"},"content":{"rendered":"\n<figure class=\"wp-block-image size-full\"><img loading=\"lazy\" decoding=\"async\" width=\"768\" height=\"247\" src=\"http:\/\/www.grenlandbobilsenter.no\/wp-content\/uploads\/2023\/09\/challenger_logo.jpg\" alt=\"\" class=\"wp-image-1529\" srcset=\"http:\/\/www.grenlandbobilsenter.no\/wp-content\/uploads\/2023\/09\/challenger_logo.jpg 768w, http:\/\/www.grenlandbobilsenter.no\/wp-content\/uploads\/2023\/09\/challenger_logo-300x96.jpg 300w\" sizes=\"auto, (max-width: 768px) 100vw, 768px\" \/><\/figure>\n\n\n\n<p><strong>CHALLENGER skapt og utviklet i Frankrike, i hjertet av vinmarkene i Rh\u00f4nedalen<\/strong><\/p>\n\n\n\n<p>Siden 1985 har CHALLENGER takket v\u00e6re sin anerkjente kunnskap skapt seg en plass blant de ledende bobilprodusentene i Europa.<br>Hovedkontoret til Challenger ligger i Tournon sur Rh\u00f4ne (Ard\u00e8che) og her finner du en av Europas st\u00f8rste bobilfabrikker med over 200 000 m produksjons\ufb02ate, og med over 700 ansatte p\u00e5 en rekke forskjellige fagfelt.<br>Challenger har v\u00e6rt trofaste mot den samme \ufb01losofien siden starten i 1985, om en riktig og rettferdig pris: Godt utstyrte bobiler, med det som trengs for og reise behagelig, til en overkommelig pris. Kontinuerlige studier og fornuftig forhold mellom utstyr og pris, der kvalitet, sikkerhet og komfort aldri er et valgfritt alternativ.<\/p>\n\n\n\n<p><strong>ET SOLID PRODUKT<\/strong><br>Hos Challenger, er kvalitet, sikkerhet og komfort aldri valgfritt tilleggsutstyr. Uansett hva prisen er p\u00e5 v\u00e5re alkove- eller pro\ufb01lmodeller kompromisser vi aldri med tykkelsen p\u00e5 gulvet eller taket, som er lik p\u00e5 alle modellene v\u00e5re. Gulv p\u00e5 <strong>63<\/strong> mm og tak p\u00e5 <strong>54,5<\/strong> mm, dette er tykkelsen du sjelden \ufb01nner p\u00e5 bobilmarkedet, sjekk selv!<\/p>\n\n\n\n<p><strong>7 \u00e5rs tetthetsgaranti<\/strong><br>CHALLENGER gir to \u00e5rs garanti p\u00e5 deler og arbeid. I tillegg er alle bobilene v\u00e5re garantert vanntette i 7 \u00e5r forutsatt \u00e5rlige kontroller hos en av v\u00e5re godkjente forhandlere. Foruten n\u00f8ye utvalgte materialer tester vi bobilene v\u00e5re i en simulator som gjenskaper bruksbetingelser i regn for \u00e5 teste vanntettheten p\u00e5 en intensiv m\u00e5te.<\/p>\n\n\n\n<p><strong>Aluminiumsteknologi for bedre motstandsdyktighet<br><\/strong>Alle Challenger bobiler i Norge har aluminiumskledning i tak og vegger p\u00e5 alle sine delintegrerte, alkovebiler og integrerte bobiler. Dette gir mange fordeler:<br>Det gir optimal motstand mot st\u00f8t, riper, kjemiske produkter \u2013 og ikke minst mot store temperatursvingninger som kan for\u00e5rsake sprekker.<br>Takene p\u00e5 v\u00e5re bobiler har som standard forsterkninger i forhold til hagl, samt at taket t\u00e5ler vekten av en person, uvurderlig ved sn\u00f8rydding!<\/p>\n\n\n\n<p>Challenger er et bobilmerke fra Trigano VDL, et datterselskap av Trigano-gruppen, som er markedsledende n\u00e5r det gjelder fritidskj\u00f8ret\u00f8y.<\/p>\n\n\n\n<p><strong>Trykk p\u00e5 de forskjellige kategoriene for \u00e5 komme til online-katalog<\/strong><\/p>\n\n\n\n<figure class=\"wp-block-image size-full\"><a href=\"https:\/\/www.challenger-bobiler.no\/serie\/vans\/\" target=\"_blank\" rel=\"noopener\"><img loading=\"lazy\" decoding=\"async\" width=\"312\" height=\"298\" src=\"http:\/\/www.grenlandbobilsenter.no\/wp-content\/uploads\/2023\/09\/Van_Katalog-1.jpg\" alt=\"\" class=\"wp-image-1554\" srcset=\"http:\/\/www.grenlandbobilsenter.no\/wp-content\/uploads\/2023\/09\/Van_Katalog-1.jpg 312w, http:\/\/www.grenlandbobilsenter.no\/wp-content\/uploads\/2023\/09\/Van_Katalog-1-300x287.jpg 300w\" sizes=\"auto, (max-width: 312px) 100vw, 312px\" \/><\/a><\/figure>\n\n\n\n<figure class=\"wp-block-image size-full\"><a href=\"https:\/\/www.challenger-bobiler.no\/serie\/x\/\" target=\"_blank\" rel=\"noopener\"><img loading=\"lazy\" decoding=\"async\" width=\"280\" height=\"295\" src=\"http:\/\/www.grenlandbobilsenter.no\/wp-content\/uploads\/2023\/09\/X_Katalog.jpg\" alt=\"\" class=\"wp-image-1553\"\/><\/a><\/figure>\n\n\n\n<figure class=\"wp-block-image size-full\"><a href=\"https:\/\/www.challenger-bobiler.no\/serie\/delintegrerte-modeller\/\" target=\"_blank\" rel=\"noopener\"><img loading=\"lazy\" decoding=\"async\" width=\"319\" height=\"296\" src=\"http:\/\/www.grenlandbobilsenter.no\/wp-content\/uploads\/2023\/09\/Delint_Katalog.jpg\" alt=\"\" class=\"wp-image-1550\" srcset=\"http:\/\/www.grenlandbobilsenter.no\/wp-content\/uploads\/2023\/09\/Delint_Katalog.jpg 319w, http:\/\/www.grenlandbobilsenter.no\/wp-content\/uploads\/2023\/09\/Delint_Katalog-300x278.jpg 300w\" sizes=\"auto, (max-width: 319px) 100vw, 319px\" \/><\/a><\/figure>\n\n\n\n<figure class=\"wp-block-image size-full\"><a href=\"https:\/\/www.challenger-bobiler.no\/serie\/integrerte-modeller\/\" target=\"_blank\" rel=\"noopener\"><img loading=\"lazy\" decoding=\"async\" width=\"313\" height=\"296\" src=\"http:\/\/www.grenlandbobilsenter.no\/wp-content\/uploads\/2023\/09\/Integrert_Katalog.jpg\" alt=\"\" class=\"wp-image-1551\" srcset=\"http:\/\/www.grenlandbobilsenter.no\/wp-content\/uploads\/2023\/09\/Integrert_Katalog.jpg 313w, http:\/\/www.grenlandbobilsenter.no\/wp-content\/uploads\/2023\/09\/Integrert_Katalog-300x284.jpg 300w\" sizes=\"auto, (max-width: 313px) 100vw, 313px\" \/><\/a><\/figure>\n","protected":false},"excerpt":{"rendered":"<p>CHALLENGER skapt og utviklet i Frankrike, i hjertet av vinmarkene i Rh\u00f4nedalen Siden 1985 har CHALLENGER takket v\u00e6re sin anerkjente kunnskap skapt seg en plass blant de ledende bobilprodusentene i Europa.Hovedkontoret til Challenger ligger i Tournon sur Rh\u00f4ne (Ard\u00e8che) og her finner du en av Europas st\u00f8rste bobilfabrikker med over 200 000 m produksjons\ufb02ate, og &hellip; <a href=\"http:\/\/www.grenlandbobilsenter.no\/?page_id=1548\" class=\"more-link\">Fortsett \u00e5 lese <span class=\"screen-reader-text\">Challenger 2024<\/span> <span class=\"meta-nav\">&rarr;<\/span><\/a><\/p>\n","protected":false},"author":1,"featured_media":0,"parent":0,"menu_order":0,"comment_status":"closed","ping_status":"closed","template":"","meta":{"footnotes":""},"class_list":["post-1548","page","type-page","status-publish","hentry"],"_links":{"self":[{"href":"http:\/\/www.grenlandbobilsenter.no\/index.php?rest_route=\/wp\/v2\/pages\/1548","targetHints":{"allow":["GET"]}}],"collection":[{"href":"http:\/\/www.grenlandbobilsenter.no\/index.php?rest_route=\/wp\/v2\/pages"}],"about":[{"href":"http:\/\/www.grenlandbobilsenter.no\/index.php?rest_route=\/wp\/v2\/types\/page"}],"author":[{"embeddable":true,"href":"http:\/\/www.grenlandbobilsenter.no\/index.php?rest_route=\/wp\/v2\/users\/1"}],"replies":[{"embeddable":true,"href":"http:\/\/www.grenlandbobilsenter.no\/index.php?rest_route=%2Fwp%2Fv2%2Fcomments&post=1548"}],"version-history":[{"count":4,"href":"http:\/\/www.grenlandbobilsenter.no\/index.php?rest_route=\/wp\/v2\/pages\/1548\/revisions"}],"predecessor-version":[{"id":1557,"href":"http:\/\/www.grenlandbobilsenter.no\/index.php?rest_route=\/wp\/v2\/pages\/1548\/revisions\/1557"}],"wp:attachment":[{"href":"http:\/\/www.grenlandbobilsenter.no\/index.php?rest_route=%2Fwp%2Fv2%2Fmedia&parent=1548"}],"curies":[{"name":"wp","href":"https:\/\/api.w.org\/{rel}","templated":true}]}}