{"id":125,"date":"2016-11-18T19:56:58","date_gmt":"2016-11-18T18:56:58","guid":{"rendered":"http:\/\/www.grenlandbobilsenter.no\/?page_id=125"},"modified":"2020-02-16T19:56:19","modified_gmt":"2020-02-16T18:56:19","slug":"solifer","status":"publish","type":"page","link":"http:\/\/www.grenlandbobilsenter.no\/?page_id=125","title":{"rendered":"Solifer"},"content":{"rendered":"<h2>Solifer 2020<\/h2>\n<p><em>Uansett hvilke eventyrlige opplevelser du legger opp til, har vi konstruert kj\u00f8ret\u00f8yer som passer for deg \u2013 og m\u00e5let er at du skal kunne oppdage enda mer!<\/em><\/p>\n<p><img loading=\"lazy\" decoding=\"async\" class=\"alignleft size-full wp-image-546\" src=\"http:\/\/www.grenlandbobilsenter.no\/wp-content\/uploads\/2016\/11\/Solifer_2019.jpg\" alt=\"\" width=\"855\" height=\"398\" srcset=\"http:\/\/www.grenlandbobilsenter.no\/wp-content\/uploads\/2016\/11\/Solifer_2019.jpg 855w, http:\/\/www.grenlandbobilsenter.no\/wp-content\/uploads\/2016\/11\/Solifer_2019-300x140.jpg 300w, http:\/\/www.grenlandbobilsenter.no\/wp-content\/uploads\/2016\/11\/Solifer_2019-768x358.jpg 768w\" sizes=\"auto, (max-width: 855px) 100vw, 855px\" \/><\/p>\n<p class=\"alignnone\">Solifer har over 50 \u00e5rs erfaring med \u00e5 bygge campingvogner og bobiler. I dag bygges alle v\u00e5re bobiler i Tyskland og med tetthetsgaranti p\u00e5 hele 12 \u00e5r sier det seg selv at dette er kvalitet. I tillegg til flott design og solid konstruksjon er Solifer ogs\u00e5 en av de mest prisgunstige bobilmerkene p\u00e5 markedet.<\/p>\n<p>Solifer leverer 4 modellvarianter.<br \/>\nDelintegrert Action og Emotion<br \/>\nHelintegrerte Finlandia og Traveling<br \/>\nBybilen City<\/p>\n<p><strong>Bes\u00f8k hjemmesiden til Solifer <a href=\"https:\/\/www.soliferpolar.no\/bobiler\/\" target=\"_blank\" rel=\"noopener noreferrer\">her..<\/a>.<\/strong><\/p>\n","protected":false},"excerpt":{"rendered":"<p>Solifer 2020 Uansett hvilke eventyrlige opplevelser du legger opp til, har vi konstruert kj\u00f8ret\u00f8yer som passer for deg \u2013 og m\u00e5let er at du skal kunne oppdage enda mer! Solifer har over 50 \u00e5rs erfaring med \u00e5 bygge campingvogner og bobiler. I dag bygges alle v\u00e5re bobiler i Tyskland og med tetthetsgaranti p\u00e5 hele 12 &hellip; <a href=\"http:\/\/www.grenlandbobilsenter.no\/?page_id=125\" class=\"more-link\">Fortsett \u00e5 lese <span class=\"screen-reader-text\">Solifer<\/span> <span class=\"meta-nav\">&rarr;<\/span><\/a><\/p>\n","protected":false},"author":1,"featured_media":0,"parent":0,"menu_order":0,"comment_status":"closed","ping_status":"closed","template":"","meta":{"footnotes":""},"class_list":["post-125","page","type-page","status-publish","hentry"],"_links":{"self":[{"href":"http:\/\/www.grenlandbobilsenter.no\/index.php?rest_route=\/wp\/v2\/pages\/125","targetHints":{"allow":["GET"]}}],"collection":[{"href":"http:\/\/www.grenlandbobilsenter.no\/index.php?rest_route=\/wp\/v2\/pages"}],"about":[{"href":"http:\/\/www.grenlandbobilsenter.no\/index.php?rest_route=\/wp\/v2\/types\/page"}],"author":[{"embeddable":true,"href":"http:\/\/www.grenlandbobilsenter.no\/index.php?rest_route=\/wp\/v2\/users\/1"}],"replies":[{"embeddable":true,"href":"http:\/\/www.grenlandbobilsenter.no\/index.php?rest_route=%2Fwp%2Fv2%2Fcomments&post=125"}],"version-history":[{"count":13,"href":"http:\/\/www.grenlandbobilsenter.no\/index.php?rest_route=\/wp\/v2\/pages\/125\/revisions"}],"predecessor-version":[{"id":820,"href":"http:\/\/www.grenlandbobilsenter.no\/index.php?rest_route=\/wp\/v2\/pages\/125\/revisions\/820"}],"wp:attachment":[{"href":"http:\/\/www.grenlandbobilsenter.no\/index.php?rest_route=%2Fwp%2Fv2%2Fmedia&parent=125"}],"curies":[{"name":"wp","href":"https:\/\/api.w.org\/{rel}","templated":true}]}}